{"id":7691,"date":"2023-06-30T14:37:36","date_gmt":"2023-06-30T14:37:36","guid":{"rendered":"https:\/\/www.jacli.it\/liquore-siciliano\/set-6-flaschen\/"},"modified":"2023-06-30T14:37:36","modified_gmt":"2023-06-30T14:37:36","slug":"set-6-flaschen","status":"publish","type":"product","link":"https:\/\/www.jacli.it\/de\/liquore-siciliano\/set-6-flaschen\/","title":{"rendered":"Set &#8211; 6 Flaschen"},"content":{"rendered":"","protected":false},"excerpt":{"rendered":"","protected":false},"featured_media":7166,"template":"","meta":{"_acf_changed":false},"product_brand":[],"product_cat":[68],"product_tag":[73],"class_list":{"0":"post-7691","1":"product","2":"type-product","3":"status-publish","4":"has-post-thumbnail","6":"product_cat-sizilianische-likore","7":"product_tag-set-6-flaschen","9":"first","10":"instock","11":"shipping-taxable","12":"purchasable","13":"product-type-variable"},"acf":[],"yoast_head":"<!-- This site is optimized with the Yoast SEO plugin v27.4 - https:\/\/yoast.com\/product\/yoast-seo-wordpress\/ -->\n<title>Liquori artigianali siciliani - Set - 6 Flaschen | Jacli - Liquorificio Artigianale<\/title>\n<meta name=\"description\" content=\"Jacli \u2013 Handwerkliche Lik\u00f6rfabrik. Set aus drei Flaschen: Cartasio, Bitterorangenbitter, Burtuqa, Orangenlik\u00f6r und Zagara, Limoncello. handwerklich hergestellte Lik\u00f6re\" \/>\n<meta name=\"robots\" content=\"index, follow, max-snippet:-1, max-image-preview:large, max-video-preview:-1\" \/>\n<link rel=\"canonical\" href=\"https:\/\/www.jacli.it\/de\/liquore-siciliano\/set-6-flaschen\/\" \/>\n<meta property=\"og:locale\" content=\"de_DE\" \/>\n<meta property=\"og:type\" content=\"article\" \/>\n<meta property=\"og:title\" content=\"Liquori artigianali siciliani - Set - 6 Flaschen | Jacli - Liquorificio Artigianale\" \/>\n<meta property=\"og:description\" content=\"Jacli \u2013 Handwerkliche Lik\u00f6rfabrik. Set aus drei Flaschen: Cartasio, Bitterorangenbitter, Burtuqa, Orangenlik\u00f6r und Zagara, Limoncello. handwerklich hergestellte Lik\u00f6re\" \/>\n<meta property=\"og:url\" content=\"https:\/\/www.jacli.it\/de\/liquore-siciliano\/set-6-flaschen\/\" \/>\n<meta property=\"og:site_name\" content=\"Jacli - Liquorificio Artigianale\" \/>\n<meta property=\"article:publisher\" content=\"https:\/\/www.facebook.com\/Jacli.Liquori\" \/>\n<meta property=\"og:image\" content=\"https:\/\/www.jacli.it\/wp-content\/uploads\/2023\/06\/SIX_BUNDLE.jpg\" \/>\n\t<meta property=\"og:image:width\" content=\"1000\" \/>\n\t<meta property=\"og:image:height\" content=\"1000\" \/>\n\t<meta property=\"og:image:type\" content=\"image\/jpeg\" \/>\n<meta name=\"twitter:card\" content=\"summary_large_image\" \/>\n<script type=\"application\/ld+json\" class=\"yoast-schema-graph\">{\"@context\":\"https:\\\/\\\/schema.org\",\"@graph\":[{\"@type\":\"WebPage\",\"@id\":\"https:\\\/\\\/www.jacli.it\\\/de\\\/liquore-siciliano\\\/set-6-flaschen\\\/\",\"url\":\"https:\\\/\\\/www.jacli.it\\\/de\\\/liquore-siciliano\\\/set-6-flaschen\\\/\",\"name\":\"Liquori artigianali siciliani - Set - 6 Flaschen | Jacli - Liquorificio Artigianale\",\"isPartOf\":{\"@id\":\"https:\\\/\\\/www.jacli.it\\\/de\\\/#website\"},\"primaryImageOfPage\":{\"@id\":\"https:\\\/\\\/www.jacli.it\\\/de\\\/liquore-siciliano\\\/set-6-flaschen\\\/#primaryimage\"},\"image\":{\"@id\":\"https:\\\/\\\/www.jacli.it\\\/de\\\/liquore-siciliano\\\/set-6-flaschen\\\/#primaryimage\"},\"thumbnailUrl\":\"https:\\\/\\\/www.jacli.it\\\/wp-content\\\/uploads\\\/2023\\\/06\\\/SIX_BUNDLE.jpg\",\"datePublished\":\"2023-06-30T14:37:36+00:00\",\"description\":\"Jacli \u2013 Handwerkliche Lik\u00f6rfabrik. Set aus drei Flaschen: Cartasio, Bitterorangenbitter, Burtuqa, Orangenlik\u00f6r und Zagara, Limoncello. handwerklich hergestellte Lik\u00f6re\",\"breadcrumb\":{\"@id\":\"https:\\\/\\\/www.jacli.it\\\/de\\\/liquore-siciliano\\\/set-6-flaschen\\\/#breadcrumb\"},\"inLanguage\":\"de\",\"potentialAction\":[{\"@type\":\"ReadAction\",\"target\":[\"https:\\\/\\\/www.jacli.it\\\/de\\\/liquore-siciliano\\\/set-6-flaschen\\\/\"]}]},{\"@type\":\"ImageObject\",\"inLanguage\":\"de\",\"@id\":\"https:\\\/\\\/www.jacli.it\\\/de\\\/liquore-siciliano\\\/set-6-flaschen\\\/#primaryimage\",\"url\":\"https:\\\/\\\/www.jacli.it\\\/wp-content\\\/uploads\\\/2023\\\/06\\\/SIX_BUNDLE.jpg\",\"contentUrl\":\"https:\\\/\\\/www.jacli.it\\\/wp-content\\\/uploads\\\/2023\\\/06\\\/SIX_BUNDLE.jpg\",\"width\":1000,\"height\":1000,\"caption\":\"SET \u2013 6 FLASCHEN\"},{\"@type\":\"BreadcrumbList\",\"@id\":\"https:\\\/\\\/www.jacli.it\\\/de\\\/liquore-siciliano\\\/set-6-flaschen\\\/#breadcrumb\",\"itemListElement\":[{\"@type\":\"ListItem\",\"position\":1,\"name\":\"Home\",\"item\":\"https:\\\/\\\/www.jacli.it\\\/de\\\/\"},{\"@type\":\"ListItem\",\"position\":2,\"name\":\"Lik\u00f6rprodukte\",\"item\":\"https:\\\/\\\/www.jacli.it\\\/de\\\/sizilianische-likoerprodukte\\\/\"},{\"@type\":\"ListItem\",\"position\":3,\"name\":\"Set &#8211; 6 Flaschen\"}]},{\"@type\":\"WebSite\",\"@id\":\"https:\\\/\\\/www.jacli.it\\\/de\\\/#website\",\"url\":\"https:\\\/\\\/www.jacli.it\\\/de\\\/\",\"name\":\"Jacli - Liquorificio Artigianale\",\"description\":\"\",\"publisher\":{\"@id\":\"https:\\\/\\\/www.jacli.it\\\/de\\\/#organization\"},\"alternateName\":\"Jacli\",\"potentialAction\":[{\"@type\":\"SearchAction\",\"target\":{\"@type\":\"EntryPoint\",\"urlTemplate\":\"https:\\\/\\\/www.jacli.it\\\/de\\\/?s={search_term_string}\"},\"query-input\":{\"@type\":\"PropertyValueSpecification\",\"valueRequired\":true,\"valueName\":\"search_term_string\"}}],\"inLanguage\":\"de\"},{\"@type\":\"Organization\",\"@id\":\"https:\\\/\\\/www.jacli.it\\\/de\\\/#organization\",\"name\":\"Jacli - Liquorificio Artigianale\",\"alternateName\":\"Jacli\",\"url\":\"https:\\\/\\\/www.jacli.it\\\/de\\\/\",\"logo\":{\"@type\":\"ImageObject\",\"inLanguage\":\"de\",\"@id\":\"https:\\\/\\\/www.jacli.it\\\/de\\\/#\\\/schema\\\/logo\\\/image\\\/\",\"url\":\"https:\\\/\\\/www.jacli.it\\\/wp-content\\\/uploads\\\/2022\\\/11\\\/JACLI_LOGO.png\",\"contentUrl\":\"https:\\\/\\\/www.jacli.it\\\/wp-content\\\/uploads\\\/2022\\\/11\\\/JACLI_LOGO.png\",\"width\":350,\"height\":350,\"caption\":\"Jacli - Liquorificio Artigianale\"},\"image\":{\"@id\":\"https:\\\/\\\/www.jacli.it\\\/de\\\/#\\\/schema\\\/logo\\\/image\\\/\"},\"sameAs\":[\"https:\\\/\\\/www.facebook.com\\\/Jacli.Liquori\",\"https:\\\/\\\/www.instagram.com\\\/jacli_liquori\\\/\"]}]}<\/script>\n<!-- \/ Yoast SEO plugin. -->","yoast_head_json":{"title":"Liquori artigianali siciliani - Set - 6 Flaschen | Jacli - Liquorificio Artigianale","description":"Jacli \u2013 Handwerkliche Lik\u00f6rfabrik. Set aus drei Flaschen: Cartasio, Bitterorangenbitter, Burtuqa, Orangenlik\u00f6r und Zagara, Limoncello. handwerklich hergestellte Lik\u00f6re","robots":{"index":"index","follow":"follow","max-snippet":"max-snippet:-1","max-image-preview":"max-image-preview:large","max-video-preview":"max-video-preview:-1"},"canonical":"https:\/\/www.jacli.it\/de\/liquore-siciliano\/set-6-flaschen\/","og_locale":"de_DE","og_type":"article","og_title":"Liquori artigianali siciliani - Set - 6 Flaschen | Jacli - Liquorificio Artigianale","og_description":"Jacli \u2013 Handwerkliche Lik\u00f6rfabrik. Set aus drei Flaschen: Cartasio, Bitterorangenbitter, Burtuqa, Orangenlik\u00f6r und Zagara, Limoncello. handwerklich hergestellte Lik\u00f6re","og_url":"https:\/\/www.jacli.it\/de\/liquore-siciliano\/set-6-flaschen\/","og_site_name":"Jacli - Liquorificio Artigianale","article_publisher":"https:\/\/www.facebook.com\/Jacli.Liquori","og_image":[{"width":1000,"height":1000,"url":"https:\/\/www.jacli.it\/wp-content\/uploads\/2023\/06\/SIX_BUNDLE.jpg","type":"image\/jpeg"}],"twitter_card":"summary_large_image","schema":{"@context":"https:\/\/schema.org","@graph":[{"@type":"WebPage","@id":"https:\/\/www.jacli.it\/de\/liquore-siciliano\/set-6-flaschen\/","url":"https:\/\/www.jacli.it\/de\/liquore-siciliano\/set-6-flaschen\/","name":"Liquori artigianali siciliani - Set - 6 Flaschen | Jacli - Liquorificio Artigianale","isPartOf":{"@id":"https:\/\/www.jacli.it\/de\/#website"},"primaryImageOfPage":{"@id":"https:\/\/www.jacli.it\/de\/liquore-siciliano\/set-6-flaschen\/#primaryimage"},"image":{"@id":"https:\/\/www.jacli.it\/de\/liquore-siciliano\/set-6-flaschen\/#primaryimage"},"thumbnailUrl":"https:\/\/www.jacli.it\/wp-content\/uploads\/2023\/06\/SIX_BUNDLE.jpg","datePublished":"2023-06-30T14:37:36+00:00","description":"Jacli \u2013 Handwerkliche Lik\u00f6rfabrik. Set aus drei Flaschen: Cartasio, Bitterorangenbitter, Burtuqa, Orangenlik\u00f6r und Zagara, Limoncello. handwerklich hergestellte Lik\u00f6re","breadcrumb":{"@id":"https:\/\/www.jacli.it\/de\/liquore-siciliano\/set-6-flaschen\/#breadcrumb"},"inLanguage":"de","potentialAction":[{"@type":"ReadAction","target":["https:\/\/www.jacli.it\/de\/liquore-siciliano\/set-6-flaschen\/"]}]},{"@type":"ImageObject","inLanguage":"de","@id":"https:\/\/www.jacli.it\/de\/liquore-siciliano\/set-6-flaschen\/#primaryimage","url":"https:\/\/www.jacli.it\/wp-content\/uploads\/2023\/06\/SIX_BUNDLE.jpg","contentUrl":"https:\/\/www.jacli.it\/wp-content\/uploads\/2023\/06\/SIX_BUNDLE.jpg","width":1000,"height":1000,"caption":"SET \u2013 6 FLASCHEN"},{"@type":"BreadcrumbList","@id":"https:\/\/www.jacli.it\/de\/liquore-siciliano\/set-6-flaschen\/#breadcrumb","itemListElement":[{"@type":"ListItem","position":1,"name":"Home","item":"https:\/\/www.jacli.it\/de\/"},{"@type":"ListItem","position":2,"name":"Lik\u00f6rprodukte","item":"https:\/\/www.jacli.it\/de\/sizilianische-likoerprodukte\/"},{"@type":"ListItem","position":3,"name":"Set &#8211; 6 Flaschen"}]},{"@type":"WebSite","@id":"https:\/\/www.jacli.it\/de\/#website","url":"https:\/\/www.jacli.it\/de\/","name":"Jacli - Liquorificio Artigianale","description":"","publisher":{"@id":"https:\/\/www.jacli.it\/de\/#organization"},"alternateName":"Jacli","potentialAction":[{"@type":"SearchAction","target":{"@type":"EntryPoint","urlTemplate":"https:\/\/www.jacli.it\/de\/?s={search_term_string}"},"query-input":{"@type":"PropertyValueSpecification","valueRequired":true,"valueName":"search_term_string"}}],"inLanguage":"de"},{"@type":"Organization","@id":"https:\/\/www.jacli.it\/de\/#organization","name":"Jacli - Liquorificio Artigianale","alternateName":"Jacli","url":"https:\/\/www.jacli.it\/de\/","logo":{"@type":"ImageObject","inLanguage":"de","@id":"https:\/\/www.jacli.it\/de\/#\/schema\/logo\/image\/","url":"https:\/\/www.jacli.it\/wp-content\/uploads\/2022\/11\/JACLI_LOGO.png","contentUrl":"https:\/\/www.jacli.it\/wp-content\/uploads\/2022\/11\/JACLI_LOGO.png","width":350,"height":350,"caption":"Jacli - Liquorificio Artigianale"},"image":{"@id":"https:\/\/www.jacli.it\/de\/#\/schema\/logo\/image\/"},"sameAs":["https:\/\/www.facebook.com\/Jacli.Liquori","https:\/\/www.instagram.com\/jacli_liquori\/"]}]}},"tiered_pricing_type":"fixed","tiered_pricing_fixed_rules":[],"tiered_pricing_product_settings":{"layout":"default","base_unit_name":{"singular":null,"plural":null},"default_variation":null},"tiered_pricing_minimum_quantity":null,"tiered_pricing_roles_data":[],"tiered_pricing_percentage_rules":[],"_links":{"self":[{"href":"https:\/\/www.jacli.it\/de\/wp-json\/wp\/v2\/product\/7691","targetHints":{"allow":["GET"]}}],"collection":[{"href":"https:\/\/www.jacli.it\/de\/wp-json\/wp\/v2\/product"}],"about":[{"href":"https:\/\/www.jacli.it\/de\/wp-json\/wp\/v2\/types\/product"}],"wp:featuredmedia":[{"embeddable":true,"href":"https:\/\/www.jacli.it\/de\/wp-json\/wp\/v2\/media\/7166"}],"wp:attachment":[{"href":"https:\/\/www.jacli.it\/de\/wp-json\/wp\/v2\/media?parent=7691"}],"wp:term":[{"taxonomy":"product_brand","embeddable":true,"href":"https:\/\/www.jacli.it\/de\/wp-json\/wp\/v2\/product_brand?post=7691"},{"taxonomy":"product_cat","embeddable":true,"href":"https:\/\/www.jacli.it\/de\/wp-json\/wp\/v2\/product_cat?post=7691"},{"taxonomy":"product_tag","embeddable":true,"href":"https:\/\/www.jacli.it\/de\/wp-json\/wp\/v2\/product_tag?post=7691"}],"curies":[{"name":"wp","href":"https:\/\/api.w.org\/{rel}","templated":true}]}}