{"id":8133,"date":"2025-05-16T11:08:23","date_gmt":"2025-05-16T11:08:23","guid":{"rendered":"https:\/\/www.jacli.it\/?post_type=product&#038;p=8133"},"modified":"2025-05-19T13:49:17","modified_gmt":"2025-05-19T13:49:17","slug":"getrocknete-orangenscheiben","status":"publish","type":"product","link":"https:\/\/www.jacli.it\/de\/liquore-siciliano\/getrocknete-orangenscheiben\/","title":{"rendered":"Getrocknete Orangenscheiben"},"content":{"rendered":"<p>Sizilianische Sonne in jeder Scheibe<\/p>\n","protected":false},"excerpt":{"rendered":"<p><strong>Zutaten<\/strong>: 100 % getrocknete Orangenscheiben.<\/p>\n<p>Schonend bei niedriger Temperatur getrocknet, um ihr nat\u00fcrliches Aroma, ihre leuchtende Farbe und Frische zu bewahren \u2013 ohne Zuckerzusatz oder Konservierungsstoffe.<\/p>\n<p><strong>Nettof\u00fcllmenge: 40\u202fg.<\/strong><\/p>\n<p>Nach dem \u00d6ffnen gut verschlie\u00dfen und an einem k\u00fchlen, trockenen Ort ohne Lichteinwirkung aufbewahren. Mindestens haltbar bis zum angegebenen Datum.<\/p>\n","protected":false},"featured_media":8023,"template":"","meta":{"_acf_changed":false},"product_brand":[],"product_cat":[80],"product_tag":[81],"class_list":{"0":"post-8133","1":"product","2":"type-product","3":"status-publish","4":"has-post-thumbnail","6":"product_cat-getrocknet","7":"product_tag-disidratati-de","9":"first","10":"instock","11":"shipping-taxable","12":"purchasable","13":"product-type-simple"},"acf":[],"yoast_head":"<!-- This site is optimized with the Yoast SEO plugin v27.4 - https:\/\/yoast.com\/product\/yoast-seo-wordpress\/ -->\n<title>Getrocknete Orangenscheiben | Jacli - Liquorificio Artigianale<\/title>\n<meta name=\"robots\" content=\"index, follow, max-snippet:-1, max-image-preview:large, max-video-preview:-1\" \/>\n<link rel=\"canonical\" href=\"https:\/\/www.jacli.it\/de\/liquore-siciliano\/getrocknete-orangenscheiben\/\" \/>\n<meta property=\"og:locale\" content=\"de_DE\" \/>\n<meta property=\"og:type\" content=\"article\" \/>\n<meta property=\"og:title\" content=\"Getrocknete Orangenscheiben | Jacli - Liquorificio Artigianale\" \/>\n<meta property=\"og:description\" content=\"Zutaten: 100 % getrocknete Orangenscheiben.  Schonend bei niedriger Temperatur getrocknet, um ihr nat\u00fcrliches Aroma, ihre leuchtende Farbe und Frische zu bewahren \u2013 ohne Zuckerzusatz oder Konservierungsstoffe.  Nettof\u00fcllmenge: 40\u202fg.  Nach dem \u00d6ffnen gut verschlie\u00dfen und an einem k\u00fchlen, trockenen Ort ohne Lichteinwirkung aufbewahren. Mindestens haltbar bis zum angegebenen Datum.\" \/>\n<meta property=\"og:url\" content=\"https:\/\/www.jacli.it\/de\/liquore-siciliano\/getrocknete-orangenscheiben\/\" \/>\n<meta property=\"og:site_name\" content=\"Jacli - Liquorificio Artigianale\" \/>\n<meta property=\"article:publisher\" content=\"https:\/\/www.facebook.com\/Jacli.Liquori\" \/>\n<meta property=\"article:modified_time\" content=\"2025-05-19T13:49:17+00:00\" \/>\n<meta property=\"og:image\" content=\"https:\/\/www.jacli.it\/wp-content\/uploads\/2025\/05\/Arancia_Fettedisidratate_Barattolo_Frontale.webp\" \/>\n\t<meta property=\"og:image:width\" content=\"1200\" \/>\n\t<meta property=\"og:image:height\" content=\"1200\" \/>\n\t<meta property=\"og:image:type\" content=\"image\/webp\" \/>\n<meta name=\"twitter:card\" content=\"summary_large_image\" \/>\n<meta name=\"twitter:label1\" content=\"Gesch\u00e4tzte Lesezeit\" \/>\n\t<meta name=\"twitter:data1\" content=\"1\u00a0Minute\" \/>\n<script type=\"application\/ld+json\" class=\"yoast-schema-graph\">{\"@context\":\"https:\\\/\\\/schema.org\",\"@graph\":[{\"@type\":\"WebPage\",\"@id\":\"https:\\\/\\\/www.jacli.it\\\/de\\\/liquore-siciliano\\\/getrocknete-orangenscheiben\\\/\",\"url\":\"https:\\\/\\\/www.jacli.it\\\/de\\\/liquore-siciliano\\\/getrocknete-orangenscheiben\\\/\",\"name\":\"Getrocknete Orangenscheiben | Jacli - Liquorificio Artigianale\",\"isPartOf\":{\"@id\":\"https:\\\/\\\/www.jacli.it\\\/de\\\/#website\"},\"primaryImageOfPage\":{\"@id\":\"https:\\\/\\\/www.jacli.it\\\/de\\\/liquore-siciliano\\\/getrocknete-orangenscheiben\\\/#primaryimage\"},\"image\":{\"@id\":\"https:\\\/\\\/www.jacli.it\\\/de\\\/liquore-siciliano\\\/getrocknete-orangenscheiben\\\/#primaryimage\"},\"thumbnailUrl\":\"https:\\\/\\\/www.jacli.it\\\/wp-content\\\/uploads\\\/2025\\\/05\\\/Arancia_Fettedisidratate_Barattolo_Frontale.webp\",\"datePublished\":\"2025-05-16T11:08:23+00:00\",\"dateModified\":\"2025-05-19T13:49:17+00:00\",\"breadcrumb\":{\"@id\":\"https:\\\/\\\/www.jacli.it\\\/de\\\/liquore-siciliano\\\/getrocknete-orangenscheiben\\\/#breadcrumb\"},\"inLanguage\":\"de\",\"potentialAction\":[{\"@type\":\"ReadAction\",\"target\":[\"https:\\\/\\\/www.jacli.it\\\/de\\\/liquore-siciliano\\\/getrocknete-orangenscheiben\\\/\"]}]},{\"@type\":\"ImageObject\",\"inLanguage\":\"de\",\"@id\":\"https:\\\/\\\/www.jacli.it\\\/de\\\/liquore-siciliano\\\/getrocknete-orangenscheiben\\\/#primaryimage\",\"url\":\"https:\\\/\\\/www.jacli.it\\\/wp-content\\\/uploads\\\/2025\\\/05\\\/Arancia_Fettedisidratate_Barattolo_Frontale.webp\",\"contentUrl\":\"https:\\\/\\\/www.jacli.it\\\/wp-content\\\/uploads\\\/2025\\\/05\\\/Arancia_Fettedisidratate_Barattolo_Frontale.webp\",\"width\":1200,\"height\":1200},{\"@type\":\"BreadcrumbList\",\"@id\":\"https:\\\/\\\/www.jacli.it\\\/de\\\/liquore-siciliano\\\/getrocknete-orangenscheiben\\\/#breadcrumb\",\"itemListElement\":[{\"@type\":\"ListItem\",\"position\":1,\"name\":\"Home\",\"item\":\"https:\\\/\\\/www.jacli.it\\\/de\\\/\"},{\"@type\":\"ListItem\",\"position\":2,\"name\":\"Lik\u00f6rprodukte\",\"item\":\"https:\\\/\\\/www.jacli.it\\\/de\\\/sizilianische-likoerprodukte\\\/\"},{\"@type\":\"ListItem\",\"position\":3,\"name\":\"Getrocknete Orangenscheiben\"}]},{\"@type\":\"WebSite\",\"@id\":\"https:\\\/\\\/www.jacli.it\\\/de\\\/#website\",\"url\":\"https:\\\/\\\/www.jacli.it\\\/de\\\/\",\"name\":\"Jacli - Liquorificio Artigianale\",\"description\":\"\",\"publisher\":{\"@id\":\"https:\\\/\\\/www.jacli.it\\\/de\\\/#organization\"},\"alternateName\":\"Jacli\",\"potentialAction\":[{\"@type\":\"SearchAction\",\"target\":{\"@type\":\"EntryPoint\",\"urlTemplate\":\"https:\\\/\\\/www.jacli.it\\\/de\\\/?s={search_term_string}\"},\"query-input\":{\"@type\":\"PropertyValueSpecification\",\"valueRequired\":true,\"valueName\":\"search_term_string\"}}],\"inLanguage\":\"de\"},{\"@type\":\"Organization\",\"@id\":\"https:\\\/\\\/www.jacli.it\\\/de\\\/#organization\",\"name\":\"Jacli - Liquorificio Artigianale\",\"alternateName\":\"Jacli\",\"url\":\"https:\\\/\\\/www.jacli.it\\\/de\\\/\",\"logo\":{\"@type\":\"ImageObject\",\"inLanguage\":\"de\",\"@id\":\"https:\\\/\\\/www.jacli.it\\\/de\\\/#\\\/schema\\\/logo\\\/image\\\/\",\"url\":\"https:\\\/\\\/www.jacli.it\\\/wp-content\\\/uploads\\\/2022\\\/11\\\/JACLI_LOGO.png\",\"contentUrl\":\"https:\\\/\\\/www.jacli.it\\\/wp-content\\\/uploads\\\/2022\\\/11\\\/JACLI_LOGO.png\",\"width\":350,\"height\":350,\"caption\":\"Jacli - Liquorificio Artigianale\"},\"image\":{\"@id\":\"https:\\\/\\\/www.jacli.it\\\/de\\\/#\\\/schema\\\/logo\\\/image\\\/\"},\"sameAs\":[\"https:\\\/\\\/www.facebook.com\\\/Jacli.Liquori\",\"https:\\\/\\\/www.instagram.com\\\/jacli_liquori\\\/\"]}]}<\/script>\n<!-- \/ Yoast SEO plugin. -->","yoast_head_json":{"title":"Getrocknete Orangenscheiben | Jacli - Liquorificio Artigianale","robots":{"index":"index","follow":"follow","max-snippet":"max-snippet:-1","max-image-preview":"max-image-preview:large","max-video-preview":"max-video-preview:-1"},"canonical":"https:\/\/www.jacli.it\/de\/liquore-siciliano\/getrocknete-orangenscheiben\/","og_locale":"de_DE","og_type":"article","og_title":"Getrocknete Orangenscheiben | Jacli - Liquorificio Artigianale","og_description":"Zutaten: 100 % getrocknete Orangenscheiben.  Schonend bei niedriger Temperatur getrocknet, um ihr nat\u00fcrliches Aroma, ihre leuchtende Farbe und Frische zu bewahren \u2013 ohne Zuckerzusatz oder Konservierungsstoffe.  Nettof\u00fcllmenge: 40\u202fg.  Nach dem \u00d6ffnen gut verschlie\u00dfen und an einem k\u00fchlen, trockenen Ort ohne Lichteinwirkung aufbewahren. Mindestens haltbar bis zum angegebenen Datum.","og_url":"https:\/\/www.jacli.it\/de\/liquore-siciliano\/getrocknete-orangenscheiben\/","og_site_name":"Jacli - Liquorificio Artigianale","article_publisher":"https:\/\/www.facebook.com\/Jacli.Liquori","article_modified_time":"2025-05-19T13:49:17+00:00","og_image":[{"width":1200,"height":1200,"url":"https:\/\/www.jacli.it\/wp-content\/uploads\/2025\/05\/Arancia_Fettedisidratate_Barattolo_Frontale.webp","type":"image\/webp"}],"twitter_card":"summary_large_image","twitter_misc":{"Gesch\u00e4tzte Lesezeit":"1\u00a0Minute"},"schema":{"@context":"https:\/\/schema.org","@graph":[{"@type":"WebPage","@id":"https:\/\/www.jacli.it\/de\/liquore-siciliano\/getrocknete-orangenscheiben\/","url":"https:\/\/www.jacli.it\/de\/liquore-siciliano\/getrocknete-orangenscheiben\/","name":"Getrocknete Orangenscheiben | Jacli - Liquorificio Artigianale","isPartOf":{"@id":"https:\/\/www.jacli.it\/de\/#website"},"primaryImageOfPage":{"@id":"https:\/\/www.jacli.it\/de\/liquore-siciliano\/getrocknete-orangenscheiben\/#primaryimage"},"image":{"@id":"https:\/\/www.jacli.it\/de\/liquore-siciliano\/getrocknete-orangenscheiben\/#primaryimage"},"thumbnailUrl":"https:\/\/www.jacli.it\/wp-content\/uploads\/2025\/05\/Arancia_Fettedisidratate_Barattolo_Frontale.webp","datePublished":"2025-05-16T11:08:23+00:00","dateModified":"2025-05-19T13:49:17+00:00","breadcrumb":{"@id":"https:\/\/www.jacli.it\/de\/liquore-siciliano\/getrocknete-orangenscheiben\/#breadcrumb"},"inLanguage":"de","potentialAction":[{"@type":"ReadAction","target":["https:\/\/www.jacli.it\/de\/liquore-siciliano\/getrocknete-orangenscheiben\/"]}]},{"@type":"ImageObject","inLanguage":"de","@id":"https:\/\/www.jacli.it\/de\/liquore-siciliano\/getrocknete-orangenscheiben\/#primaryimage","url":"https:\/\/www.jacli.it\/wp-content\/uploads\/2025\/05\/Arancia_Fettedisidratate_Barattolo_Frontale.webp","contentUrl":"https:\/\/www.jacli.it\/wp-content\/uploads\/2025\/05\/Arancia_Fettedisidratate_Barattolo_Frontale.webp","width":1200,"height":1200},{"@type":"BreadcrumbList","@id":"https:\/\/www.jacli.it\/de\/liquore-siciliano\/getrocknete-orangenscheiben\/#breadcrumb","itemListElement":[{"@type":"ListItem","position":1,"name":"Home","item":"https:\/\/www.jacli.it\/de\/"},{"@type":"ListItem","position":2,"name":"Lik\u00f6rprodukte","item":"https:\/\/www.jacli.it\/de\/sizilianische-likoerprodukte\/"},{"@type":"ListItem","position":3,"name":"Getrocknete Orangenscheiben"}]},{"@type":"WebSite","@id":"https:\/\/www.jacli.it\/de\/#website","url":"https:\/\/www.jacli.it\/de\/","name":"Jacli - Liquorificio Artigianale","description":"","publisher":{"@id":"https:\/\/www.jacli.it\/de\/#organization"},"alternateName":"Jacli","potentialAction":[{"@type":"SearchAction","target":{"@type":"EntryPoint","urlTemplate":"https:\/\/www.jacli.it\/de\/?s={search_term_string}"},"query-input":{"@type":"PropertyValueSpecification","valueRequired":true,"valueName":"search_term_string"}}],"inLanguage":"de"},{"@type":"Organization","@id":"https:\/\/www.jacli.it\/de\/#organization","name":"Jacli - Liquorificio Artigianale","alternateName":"Jacli","url":"https:\/\/www.jacli.it\/de\/","logo":{"@type":"ImageObject","inLanguage":"de","@id":"https:\/\/www.jacli.it\/de\/#\/schema\/logo\/image\/","url":"https:\/\/www.jacli.it\/wp-content\/uploads\/2022\/11\/JACLI_LOGO.png","contentUrl":"https:\/\/www.jacli.it\/wp-content\/uploads\/2022\/11\/JACLI_LOGO.png","width":350,"height":350,"caption":"Jacli - Liquorificio Artigianale"},"image":{"@id":"https:\/\/www.jacli.it\/de\/#\/schema\/logo\/image\/"},"sameAs":["https:\/\/www.facebook.com\/Jacli.Liquori","https:\/\/www.instagram.com\/jacli_liquori\/"]}]}},"tiered_pricing_type":"fixed","tiered_pricing_fixed_rules":{"2":11.9,"4":9.9,"6":7.9},"tiered_pricing_product_settings":{"layout":"default","base_unit_name":{"singular":null,"plural":null},"default_variation":null},"tiered_pricing_minimum_quantity":null,"tiered_pricing_roles_data":[],"tiered_pricing_percentage_rules":[],"_links":{"self":[{"href":"https:\/\/www.jacli.it\/de\/wp-json\/wp\/v2\/product\/8133","targetHints":{"allow":["GET"]}}],"collection":[{"href":"https:\/\/www.jacli.it\/de\/wp-json\/wp\/v2\/product"}],"about":[{"href":"https:\/\/www.jacli.it\/de\/wp-json\/wp\/v2\/types\/product"}],"wp:featuredmedia":[{"embeddable":true,"href":"https:\/\/www.jacli.it\/de\/wp-json\/wp\/v2\/media\/8023"}],"wp:attachment":[{"href":"https:\/\/www.jacli.it\/de\/wp-json\/wp\/v2\/media?parent=8133"}],"wp:term":[{"taxonomy":"product_brand","embeddable":true,"href":"https:\/\/www.jacli.it\/de\/wp-json\/wp\/v2\/product_brand?post=8133"},{"taxonomy":"product_cat","embeddable":true,"href":"https:\/\/www.jacli.it\/de\/wp-json\/wp\/v2\/product_cat?post=8133"},{"taxonomy":"product_tag","embeddable":true,"href":"https:\/\/www.jacli.it\/de\/wp-json\/wp\/v2\/product_tag?post=8133"}],"curies":[{"name":"wp","href":"https:\/\/api.w.org\/{rel}","templated":true}]}}